{"id":21015,"date":"2024-07-24T09:56:27","date_gmt":"2024-07-24T07:56:27","guid":{"rendered":"https:\/\/chisagepolska.pl\/?page_id=21015"},"modified":"2024-09-09T10:39:37","modified_gmt":"2024-09-09T08:39:37","slug":"partners-rbs-energia","status":"publish","type":"page","link":"https:\/\/chisagepolska.pl\/index.php\/partners-rbs-energia\/","title":{"rendered":"Partnerzy &#8211; RBS Energia"},"content":{"rendered":"\t\t<div data-elementor-type=\"wp-page\" data-elementor-id=\"21015\" class=\"elementor elementor-21015\" data-elementor-post-type=\"page\">\n\t\t\t\t<div class=\"elementor-element elementor-element-7c191cd e-con-full e-flex e-con e-parent\" data-id=\"7c191cd\" data-element_type=\"container\" data-e-type=\"container\">\n\t\t\t\t<div class=\"elementor-element elementor-element-cd37517 elementor-widget elementor-widget-image\" data-id=\"cd37517\" data-element_type=\"widget\" data-e-type=\"widget\" data-widget_type=\"image.default\">\n\t\t\t\t<div class=\"elementor-widget-container\">\n\t\t\t\t\t\t\t\t\t\t\t\t\t\t\t<img fetchpriority=\"high\" decoding=\"async\" width=\"1920\" height=\"720\" src=\"https:\/\/chisagepolska.pl\/wp-content\/uploads\/2024\/06\/CHISAGE-ESS-Produktfamilien-2-1-e1701246751225.jpg\" class=\"attachment-full size-full wp-image-20730\" alt=\"\" srcset=\"https:\/\/chisagepolska.pl\/wp-content\/uploads\/2024\/06\/CHISAGE-ESS-Produktfamilien-2-1-e1701246751225.jpg 1920w, https:\/\/chisagepolska.pl\/wp-content\/uploads\/2024\/06\/CHISAGE-ESS-Produktfamilien-2-1-e1701246751225-300x113.jpg 300w, https:\/\/chisagepolska.pl\/wp-content\/uploads\/2024\/06\/CHISAGE-ESS-Produktfamilien-2-1-e1701246751225-1024x384.jpg 1024w, https:\/\/chisagepolska.pl\/wp-content\/uploads\/2024\/06\/CHISAGE-ESS-Produktfamilien-2-1-e1701246751225-768x288.jpg 768w, https:\/\/chisagepolska.pl\/wp-content\/uploads\/2024\/06\/CHISAGE-ESS-Produktfamilien-2-1-e1701246751225-1536x576.jpg 1536w\" sizes=\"(max-width: 1920px) 100vw, 1920px\" \/>\t\t\t\t\t\t\t\t\t\t\t\t\t\t\t<\/div>\n\t\t\t\t<\/div>\n\t\t<div class=\"elementor-element elementor-element-1a87815 e-flex e-con-boxed e-con e-child\" data-id=\"1a87815\" data-element_type=\"container\" data-e-type=\"container\">\n\t\t\t\t\t<div class=\"e-con-inner\">\n\t\t\t\t<div class=\"elementor-element elementor-element-bec426d elementor-widget elementor-widget-heading\" data-id=\"bec426d\" data-element_type=\"widget\" data-e-type=\"widget\" data-widget_type=\"heading.default\">\n\t\t\t\t<div class=\"elementor-widget-container\">\n\t\t\t\t\t<h1 class=\"elementor-heading-title elementor-size-default\">Nasi Partnerzy<\/h1>\t\t\t\t<\/div>\n\t\t\t\t<\/div>\n\t\t\t\t<div class=\"elementor-element elementor-element-cf9cdad elementor-widget elementor-widget-text-editor\" data-id=\"cf9cdad\" data-element_type=\"widget\" data-e-type=\"widget\" data-widget_type=\"text-editor.default\">\n\t\t\t\t<div class=\"elementor-widget-container\">\n\t\t\t\t\t\t\t\t\t<p>Nasi partnerzy pomagaj\u0105 nam dostarcza\u0107 innowacyjne rozwi\u0105zania w zakresie magazynowania energii w ca\u0142ej Europie. Jeste\u015bmy dumni ze wsp\u00f3\u0142pracy z wiod\u0105cymi firmami w bran\u017cy.<\/p>\t\t\t\t\t\t\t\t<\/div>\n\t\t\t\t<\/div>\n\t\t\t\t\t<\/div>\n\t\t\t\t<\/div>\n\t\t<div class=\"elementor-element elementor-element-457642d e-con-full e-flex e-con e-child\" data-id=\"457642d\" data-element_type=\"container\" data-e-type=\"container\">\n\t\t<div class=\"elementor-element elementor-element-d4a563f e-flex e-con-boxed e-con e-child\" data-id=\"d4a563f\" data-element_type=\"container\" data-e-type=\"container\">\n\t\t\t\t\t<div class=\"e-con-inner\">\n\t\t\t\t<div class=\"elementor-element elementor-element-4e8a99b elementor-widget elementor-widget-heading\" data-id=\"4e8a99b\" data-element_type=\"widget\" data-e-type=\"widget\" data-widget_type=\"heading.default\">\n\t\t\t\t<div class=\"elementor-widget-container\">\n\t\t\t\t\t<h2 class=\"elementor-heading-title elementor-size-default\">RBS Energia<\/h2>\t\t\t\t<\/div>\n\t\t\t\t<\/div>\n\t\t\t\t<div class=\"elementor-element elementor-element-9a6fee0 elementor-widget elementor-widget-text-editor\" data-id=\"9a6fee0\" data-element_type=\"widget\" data-e-type=\"widget\" data-widget_type=\"text-editor.default\">\n\t\t\t\t<div class=\"elementor-widget-container\">\n\t\t\t\t\t\t\t\t\t<p>Nasza firma, za\u0142o\u017cona w 2014 roku, pocz\u0105tkowo specjalizowa\u0142a si\u0119 wy\u0142\u0105cznie w monta\u017cu system\u00f3w fotowoltaicznych. Z biegiem lat, dzia\u0142aj\u0105c na polskim rynku, nawi\u0105zali\u015bmy liczne kontakty, kt\u00f3re pozwoli\u0142y nam rozszerzy\u0107 nasz\u0105 dzia\u0142alno\u015b\u0107. Rozw\u00f3j ten doprowadzi\u0142 do sprzeda\u017cy komponent\u00f3w do instalacji fotowoltaicznych oraz otwarcia hurtowni fotowoltaicznej na \u0141otwie. Naszym g\u0142\u00f3wnym rynkiem jest region ba\u0142tycki, a nasz asortyment obejmuje wszystkie niezb\u0119dne elementy do budowy instalacji fotowoltaicznych.<\/p>\t\t\t\t\t\t\t\t<\/div>\n\t\t\t\t<\/div>\n\t\t\t\t<div class=\"elementor-element elementor-element-07f3f3a elementor-widget elementor-widget-text-editor\" data-id=\"07f3f3a\" data-element_type=\"widget\" data-e-type=\"widget\" data-widget_type=\"text-editor.default\">\n\t\t\t\t<div class=\"elementor-widget-container\">\n\t\t\t\t\t\t\t\t\t<p>Telefon: +48 501 578 311<\/p><p>E-mail: biuro@rbsenergia.pl<\/p><p>Strona Internetowa: <a href=\"https:\/\/rbsenergia.pl\/\" rel=\"nofollow noopener\" target=\"_blank\">rbsenergia.pl<\/a><\/p><p>Adres: ul. Zaborowska 3 01-462 Warszawa<\/p><p>Region Wsp\u00f3\u0142pracy : Litwa, \u0141otwa i Estonia<\/p>\t\t\t\t\t\t\t\t<\/div>\n\t\t\t\t<\/div>\n\t\t\t\t\t<\/div>\n\t\t\t\t<\/div>\n\t\t<div class=\"elementor-element elementor-element-bd16004 e-flex e-con-boxed e-con e-child\" data-id=\"bd16004\" data-element_type=\"container\" data-e-type=\"container\">\n\t\t\t\t\t<div class=\"e-con-inner\">\n\t\t\t\t<div class=\"elementor-element elementor-element-04e67d7 elementor-widget elementor-widget-image\" data-id=\"04e67d7\" data-element_type=\"widget\" data-e-type=\"widget\" data-widget_type=\"image.default\">\n\t\t\t\t<div class=\"elementor-widget-container\">\n\t\t\t\t\t\t\t\t\t\t\t\t\t\t\t<img decoding=\"async\" width=\"1024\" height=\"533\" src=\"https:\/\/chisagepolska.pl\/wp-content\/uploads\/2024\/08\/RBS-Energia-logo-2-1024x533.jpg\" class=\"attachment-large size-large wp-image-21156\" alt=\"RBS Energia logo-2\" srcset=\"https:\/\/chisagepolska.pl\/wp-content\/uploads\/2024\/08\/RBS-Energia-logo-2-1024x533.jpg 1024w, https:\/\/chisagepolska.pl\/wp-content\/uploads\/2024\/08\/RBS-Energia-logo-2-300x156.jpg 300w, https:\/\/chisagepolska.pl\/wp-content\/uploads\/2024\/08\/RBS-Energia-logo-2-768x400.jpg 768w, https:\/\/chisagepolska.pl\/wp-content\/uploads\/2024\/08\/RBS-Energia-logo-2.jpg 1095w\" sizes=\"(max-width: 1024px) 100vw, 1024px\" \/>\t\t\t\t\t\t\t\t\t\t\t\t\t\t\t<\/div>\n\t\t\t\t<\/div>\n\t\t\t\t\t<\/div>\n\t\t\t\t<\/div>\n\t\t\t\t<\/div>\n\t\t\t\t<\/div>\n\t\t\t\t<section class=\"elementor-section elementor-top-section elementor-element elementor-element-71dcaaa elementor-section-content-middle elementor-section-boxed elementor-section-height-default elementor-section-height-default\" data-id=\"71dcaaa\" data-element_type=\"section\" data-e-type=\"section\" data-settings=\"{&quot;background_background&quot;:&quot;classic&quot;}\">\n\t\t\t\t\t\t<div class=\"elementor-container elementor-column-gap-no\">\n\t\t\t\t\t<div class=\"elementor-column elementor-col-100 elementor-top-column elementor-element elementor-element-6a5a528\" data-id=\"6a5a528\" data-element_type=\"column\" data-e-type=\"column\">\n\t\t\t<div class=\"elementor-widget-wrap elementor-element-populated\">\n\t\t\t\t\t\t<div class=\"elementor-element elementor-element-9627491 elementor-widget elementor-widget-heading\" data-id=\"9627491\" data-element_type=\"widget\" data-e-type=\"widget\" data-widget_type=\"heading.default\">\n\t\t\t\t<div class=\"elementor-widget-container\">\n\t\t\t\t\t<h2 class=\"elementor-heading-title elementor-size-default\">Co M\u00f3wi\u0105 Klienci<\/h2>\t\t\t\t<\/div>\n\t\t\t\t<\/div>\n\t\t\t\t<div class=\"elementor-element elementor-element-7862fb0 elementor-widget elementor-widget-heading\" data-id=\"7862fb0\" data-element_type=\"widget\" data-e-type=\"widget\" data-widget_type=\"heading.default\">\n\t\t\t\t<div class=\"elementor-widget-container\">\n\t\t\t\t\t<h5 class=\"elementor-heading-title elementor-size-default\">Pos\u0142uchaj, co zadowoleni klienci m\u00f3wi\u0105 o Chisage Polska!<\/h5>\t\t\t\t<\/div>\n\t\t\t\t<\/div>\n\t\t\t\t<section class=\"elementor-section elementor-inner-section elementor-element elementor-element-096133c elementor-section-full_width elementor-section-height-default elementor-section-height-default\" data-id=\"096133c\" data-element_type=\"section\" data-e-type=\"section\">\n\t\t\t\t\t\t<div class=\"elementor-container elementor-column-gap-default\">\n\t\t\t\t\t<div class=\"elementor-column elementor-col-100 elementor-inner-column elementor-element elementor-element-e29aef2\" data-id=\"e29aef2\" data-element_type=\"column\" data-e-type=\"column\">\n\t\t\t<div class=\"elementor-widget-wrap elementor-element-populated\">\n\t\t\t\t\t\t<div class=\"elementor-element elementor-element-cf26164 elementor-pagination-type-bullets elementor-pagination-position-outside elementor-widget elementor-widget-n-carousel\" data-id=\"cf26164\" data-element_type=\"widget\" data-e-type=\"widget\" data-settings=\"{&quot;carousel_items&quot;:[{&quot;slide_title&quot;:&quot;Ceo of Ecosolar&quot;,&quot;_id&quot;:&quot;e838605&quot;}],&quot;slides_to_show&quot;:&quot;1&quot;,&quot;slides_to_scroll&quot;:&quot;1&quot;,&quot;speed&quot;:3000,&quot;image_spacing_custom&quot;:{&quot;unit&quot;:&quot;px&quot;,&quot;size&quot;:15,&quot;sizes&quot;:[]},&quot;slides_to_show_tablet&quot;:&quot;2&quot;,&quot;slides_to_show_mobile&quot;:&quot;1&quot;,&quot;infinite&quot;:&quot;yes&quot;,&quot;offset_sides&quot;:&quot;none&quot;,&quot;pagination&quot;:&quot;bullets&quot;,&quot;image_spacing_custom_tablet&quot;:{&quot;unit&quot;:&quot;px&quot;,&quot;size&quot;:&quot;&quot;,&quot;sizes&quot;:[]},&quot;image_spacing_custom_mobile&quot;:{&quot;unit&quot;:&quot;px&quot;,&quot;size&quot;:&quot;&quot;,&quot;sizes&quot;:[]}}\" data-widget_type=\"nested-carousel.default\">\n\t\t\t\t<div class=\"elementor-widget-container\">\n\t\t\t\t\t\t\t<div class=\"e-n-carousel swiper\" role=\"region\" aria-roledescription=\"carousel\" aria-label=\"Carousel\" dir=\"ltr\">\n\t\t\t<div class=\"swiper-wrapper\" aria-live=\"polite\">\n\t\t\t\t\t\t\t\t\t\t<div class=\"swiper-slide\" data-slide=\"1\" role=\"group\" aria-roledescription=\"slide\" aria-label=\"1 of 1\">\n\t\t\t\t\t\t\t<div class=\"elementor-element elementor-element-edf76d8 e-flex e-con-boxed e-con e-child\" data-id=\"edf76d8\" data-element_type=\"container\" data-e-type=\"container\" data-settings=\"{&quot;background_background&quot;:&quot;classic&quot;}\">\n\t\t\t\t\t<div class=\"e-con-inner\">\n\t\t\t\t<div class=\"elementor-element elementor-element-583e9cf elementor-position-top elementor-widget elementor-widget-image-box\" data-id=\"583e9cf\" data-element_type=\"widget\" data-e-type=\"widget\" data-widget_type=\"image-box.default\">\n\t\t\t\t<div class=\"elementor-widget-container\">\n\t\t\t\t\t<div class=\"elementor-image-box-wrapper\"><figure class=\"elementor-image-box-img\"><img decoding=\"async\" width=\"150\" height=\"150\" src=\"https:\/\/chisagepolska.pl\/wp-content\/uploads\/2024\/07\/CEO-of-RBS-Energia-21-150x150.jpg\" class=\"attachment-thumbnail size-thumbnail wp-image-21018\" alt=\"CEO of RBS Energia-2(1)\" srcset=\"https:\/\/chisagepolska.pl\/wp-content\/uploads\/2024\/07\/CEO-of-RBS-Energia-21-150x150.jpg 150w, https:\/\/chisagepolska.pl\/wp-content\/uploads\/2024\/07\/CEO-of-RBS-Energia-21-300x300.jpg 300w, https:\/\/chisagepolska.pl\/wp-content\/uploads\/2024\/07\/CEO-of-RBS-Energia-21-768x768.jpg 768w, https:\/\/chisagepolska.pl\/wp-content\/uploads\/2024\/07\/CEO-of-RBS-Energia-21.jpg 1000w\" sizes=\"(max-width: 150px) 100vw, 150px\" \/><\/figure><div class=\"elementor-image-box-content\"><h3 class=\"elementor-image-box-title\">Rados\u0142aw\u00a0Sa\u0142aci\u0144ski<br>CEO of RBS Energia<\/h3><\/div><\/div>\t\t\t\t<\/div>\n\t\t\t\t<\/div>\n\t\t\t\t<div class=\"elementor-element elementor-element-7d412d9 elementor-widget__width-inherit elementor-widget elementor-widget-text-editor\" data-id=\"7d412d9\" data-element_type=\"widget\" data-e-type=\"widget\" data-widget_type=\"text-editor.default\">\n\t\t\t\t<div class=\"elementor-widget-container\">\n\t\t\t\t\t\t\t\t\t<p>Decyzja o podj\u0119ciu wsp\u00f3\u0142pracy z firm\u0105 Chisage dojrzewa\u0142a w nas przez dwa lata. Obs\u0142uguj\u0105c sprzeda\u017cowo setki klient\u00f3w w ca\u0142ej Europie i ws\u0142uchuj\u0105c si\u0119 w ich opinie oraz potrzeby, zrozumieli\u015bmy, \u017ce to idealny produkt, \u0142\u0105cz\u0105cy w sobie trzy kluczowe cechy: wysok\u0105 jako\u015b\u0107, estetyk\u0119 oraz rozs\u0105dn\u0105 cen\u0119. Ostatecznie urzek\u0142o nas podej\u015bcie do serwisu (wymiana 1:1 w ci\u0105gu pierwszego roku oraz serwis w Polsce) oraz wysoka dost\u0119pno\u015b\u0107 towaru w magazynie w Warszawie, w przeciwie\u0144stwie do konkurencji. Uwa\u017camy, \u017ce jest to najlepsza oferta na rynku, dlatego nad ni\u0105 pracujemy. W Chisage odpowiadamy za rynki europejskie, ze szczeg\u00f3lnym uwzgl\u0119dnieniem kraj\u00f3w ba\u0142tyckich (Litwa, \u0141otwa, Estonia).<\/p>\t\t\t\t\t\t\t\t<\/div>\n\t\t\t\t<\/div>\n\t\t\t\t\t<\/div>\n\t\t\t\t<\/div>\n\t\t\t\t\t\t\t\t<\/div>\n\t\t\t\t\t\t\t\t<\/div>\n\t\t<\/div>\n\t\t\t\t\t\t<\/div>\n\t\t\t\t<\/div>\n\t\t\t\t\t<\/div>\n\t\t<\/div>\n\t\t\t\t\t<\/div>\n\t\t<\/section>\n\t\t\t\t\t<\/div>\n\t\t<\/div>\n\t\t\t\t\t<\/div>\n\t\t<\/section>\n\t\t<div class=\"elementor-element elementor-element-0b83284 e-flex e-con-boxed e-con e-parent\" data-id=\"0b83284\" data-element_type=\"container\" data-e-type=\"container\">\n\t\t\t\t\t<div class=\"e-con-inner\">\n\t\t\t\t<div class=\"elementor-element elementor-element-670c365 elementor-align-center elementor-widget elementor-widget-button\" data-id=\"670c365\" data-element_type=\"widget\" data-e-type=\"widget\" data-widget_type=\"button.default\">\n\t\t\t\t<div class=\"elementor-widget-container\">\n\t\t\t\t\t\t\t\t\t<div class=\"elementor-button-wrapper\">\n\t\t\t\t\t<a class=\"elementor-button elementor-button-link elementor-size-sm elementor-animation-grow\" href=\"#elementor-action%3Aaction%3Dpopup%3Aopen%26settings%3DeyJpZCI6IjIwNzM0IiwidG9nZ2xlIjpmYWxzZX0%3D\">\n\t\t\t\t\t\t<span class=\"elementor-button-content-wrapper\">\n\t\t\t\t\t\t\t\t\t<span class=\"elementor-button-text\">Zosta\u0144 partnerem<\/span>\n\t\t\t\t\t<\/span>\n\t\t\t\t\t<\/a>\n\t\t\t\t<\/div>\n\t\t\t\t\t\t\t\t<\/div>\n\t\t\t\t<\/div>\n\t\t\t\t\t<\/div>\n\t\t\t\t<\/div>\n\t\t\t\t<\/div>\n\t\t","protected":false},"excerpt":{"rendered":"<p>Nasi Partnerzy Nasi partnerzy pomagaj\u0105 nam dostarcza\u0107 i [&hellip;]<\/p>\n","protected":false},"author":1,"featured_media":0,"parent":0,"menu_order":0,"comment_status":"closed","ping_status":"closed","template":"","meta":{"site-sidebar-layout":"no-sidebar","site-content-layout":"page-builder","ast-site-content-layout":"full-width-container","site-content-style":"default","site-sidebar-style":"default","ast-global-header-display":"","ast-banner-title-visibility":"","ast-main-header-display":"","ast-hfb-above-header-display":"","ast-hfb-below-header-display":"","ast-hfb-mobile-header-display":"","site-post-title":"disabled","ast-breadcrumbs-content":"","ast-featured-img":"disabled","footer-sml-layout":"","ast-disable-related-posts":"","theme-transparent-header-meta":"default","adv-header-id-meta":"","stick-header-meta":"default","header-above-stick-meta":"","header-main-stick-meta":"","header-below-stick-meta":"","astra-migrate-meta-layouts":"set","ast-page-background-enabled":"default","ast-page-background-meta":{"desktop":{"background-color":"","background-image":"","background-repeat":"repeat","background-position":"center center","background-size":"auto","background-attachment":"scroll","background-type":"","background-media":"","overlay-type":"","overlay-color":"","overlay-opacity":"","overlay-gradient":""},"tablet":{"background-color":"","background-image":"","background-repeat":"repeat","background-position":"center center","background-size":"auto","background-attachment":"scroll","background-type":"","background-media":"","overlay-type":"","overlay-color":"","overlay-opacity":"","overlay-gradient":""},"mobile":{"background-color":"","background-image":"","background-repeat":"repeat","background-position":"center center","background-size":"auto","background-attachment":"scroll","background-type":"","background-media":"","overlay-type":"","overlay-color":"","overlay-opacity":"","overlay-gradient":""}},"ast-content-background-meta":{"desktop":{"background-color":"var(--ast-global-color-5)","background-image":"","background-repeat":"repeat","background-position":"center center","background-size":"auto","background-attachment":"scroll","background-type":"","background-media":"","overlay-type":"","overlay-color":"","overlay-opacity":"","overlay-gradient":""},"tablet":{"background-color":"var(--ast-global-color-5)","background-image":"","background-repeat":"repeat","background-position":"center center","background-size":"auto","background-attachment":"scroll","background-type":"","background-media":"","overlay-type":"","overlay-color":"","overlay-opacity":"","overlay-gradient":""},"mobile":{"background-color":"var(--ast-global-color-5)","background-image":"","background-repeat":"repeat","background-position":"center center","background-size":"auto","background-attachment":"scroll","background-type":"","background-media":"","overlay-type":"","overlay-color":"","overlay-opacity":"","overlay-gradient":""}},"footnotes":""},"class_list":["post-21015","page","type-page","status-publish","hentry"],"_links":{"self":[{"href":"https:\/\/chisagepolska.pl\/index.php\/wp-json\/wp\/v2\/pages\/21015","targetHints":{"allow":["GET"]}}],"collection":[{"href":"https:\/\/chisagepolska.pl\/index.php\/wp-json\/wp\/v2\/pages"}],"about":[{"href":"https:\/\/chisagepolska.pl\/index.php\/wp-json\/wp\/v2\/types\/page"}],"author":[{"embeddable":true,"href":"https:\/\/chisagepolska.pl\/index.php\/wp-json\/wp\/v2\/users\/1"}],"replies":[{"embeddable":true,"href":"https:\/\/chisagepolska.pl\/index.php\/wp-json\/wp\/v2\/comments?post=21015"}],"version-history":[{"count":23,"href":"https:\/\/chisagepolska.pl\/index.php\/wp-json\/wp\/v2\/pages\/21015\/revisions"}],"predecessor-version":[{"id":21186,"href":"https:\/\/chisagepolska.pl\/index.php\/wp-json\/wp\/v2\/pages\/21015\/revisions\/21186"}],"wp:attachment":[{"href":"https:\/\/chisagepolska.pl\/index.php\/wp-json\/wp\/v2\/media?parent=21015"}],"curies":[{"name":"wp","href":"https:\/\/api.w.org\/{rel}","templated":true}]}}