{"id":21032,"date":"2024-07-26T07:57:34","date_gmt":"2024-07-26T05:57:34","guid":{"rendered":"https:\/\/chisagepolska.pl\/?page_id=21032"},"modified":"2024-09-09T10:41:01","modified_gmt":"2024-09-09T08:41:01","slug":"partners-stream-power","status":"publish","type":"page","link":"https:\/\/chisagepolska.pl\/index.php\/partners-stream-power\/","title":{"rendered":"Partnerzy &#8211; Stream Power"},"content":{"rendered":"\t\t<div data-elementor-type=\"wp-page\" data-elementor-id=\"21032\" class=\"elementor elementor-21032\" data-elementor-post-type=\"page\">\n\t\t\t\t<div class=\"elementor-element elementor-element-7c191cd e-con-full e-flex e-con e-parent\" data-id=\"7c191cd\" data-element_type=\"container\" data-e-type=\"container\">\n\t\t\t\t<div class=\"elementor-element elementor-element-cd37517 elementor-widget elementor-widget-image\" data-id=\"cd37517\" data-element_type=\"widget\" data-e-type=\"widget\" data-widget_type=\"image.default\">\n\t\t\t\t<div class=\"elementor-widget-container\">\n\t\t\t\t\t\t\t\t\t\t\t\t\t\t\t<img fetchpriority=\"high\" decoding=\"async\" width=\"1920\" height=\"720\" src=\"https:\/\/chisagepolska.pl\/wp-content\/uploads\/2024\/06\/CHISAGE-ESS-Produktfamilien-2-1-e1701246751225.jpg\" class=\"attachment-full size-full wp-image-20730\" alt=\"\" srcset=\"https:\/\/chisagepolska.pl\/wp-content\/uploads\/2024\/06\/CHISAGE-ESS-Produktfamilien-2-1-e1701246751225.jpg 1920w, https:\/\/chisagepolska.pl\/wp-content\/uploads\/2024\/06\/CHISAGE-ESS-Produktfamilien-2-1-e1701246751225-300x113.jpg 300w, https:\/\/chisagepolska.pl\/wp-content\/uploads\/2024\/06\/CHISAGE-ESS-Produktfamilien-2-1-e1701246751225-1024x384.jpg 1024w, https:\/\/chisagepolska.pl\/wp-content\/uploads\/2024\/06\/CHISAGE-ESS-Produktfamilien-2-1-e1701246751225-768x288.jpg 768w, https:\/\/chisagepolska.pl\/wp-content\/uploads\/2024\/06\/CHISAGE-ESS-Produktfamilien-2-1-e1701246751225-1536x576.jpg 1536w\" sizes=\"(max-width: 1920px) 100vw, 1920px\" \/>\t\t\t\t\t\t\t\t\t\t\t\t\t\t\t<\/div>\n\t\t\t\t<\/div>\n\t\t<div class=\"elementor-element elementor-element-1a87815 e-flex e-con-boxed e-con e-child\" data-id=\"1a87815\" data-element_type=\"container\" data-e-type=\"container\">\n\t\t\t\t\t<div class=\"e-con-inner\">\n\t\t\t\t<div class=\"elementor-element elementor-element-bec426d elementor-widget elementor-widget-heading\" data-id=\"bec426d\" data-element_type=\"widget\" data-e-type=\"widget\" data-widget_type=\"heading.default\">\n\t\t\t\t<div class=\"elementor-widget-container\">\n\t\t\t\t\t<h1 class=\"elementor-heading-title elementor-size-default\">Nasi Partnerzy<\/h1>\t\t\t\t<\/div>\n\t\t\t\t<\/div>\n\t\t\t\t<div class=\"elementor-element elementor-element-cf9cdad elementor-widget elementor-widget-text-editor\" data-id=\"cf9cdad\" data-element_type=\"widget\" data-e-type=\"widget\" data-widget_type=\"text-editor.default\">\n\t\t\t\t<div class=\"elementor-widget-container\">\n\t\t\t\t\t\t\t\t\t<p>Nasi partnerzy pomagaj\u0105 nam dostarcza\u0107 innowacyjne rozwi\u0105zania w zakresie magazynowania energii w ca\u0142ej Europie. Jeste\u015bmy dumni ze wsp\u00f3\u0142pracy z wiod\u0105cymi firmami w bran\u017cy.<\/p>\t\t\t\t\t\t\t\t<\/div>\n\t\t\t\t<\/div>\n\t\t\t\t\t<\/div>\n\t\t\t\t<\/div>\n\t\t<div class=\"elementor-element elementor-element-457642d e-con-full e-flex e-con e-child\" data-id=\"457642d\" data-element_type=\"container\" data-e-type=\"container\">\n\t\t<div class=\"elementor-element elementor-element-d4a563f e-flex e-con-boxed e-con e-child\" data-id=\"d4a563f\" data-element_type=\"container\" data-e-type=\"container\">\n\t\t\t\t\t<div class=\"e-con-inner\">\n\t\t\t\t<div class=\"elementor-element elementor-element-4e8a99b elementor-widget elementor-widget-heading\" data-id=\"4e8a99b\" data-element_type=\"widget\" data-e-type=\"widget\" data-widget_type=\"heading.default\">\n\t\t\t\t<div class=\"elementor-widget-container\">\n\t\t\t\t\t<h2 class=\"elementor-heading-title elementor-size-default\">Stream Power<\/h2>\t\t\t\t<\/div>\n\t\t\t\t<\/div>\n\t\t\t\t<div class=\"elementor-element elementor-element-9a6fee0 elementor-widget elementor-widget-text-editor\" data-id=\"9a6fee0\" data-element_type=\"widget\" data-e-type=\"widget\" data-widget_type=\"text-editor.default\">\n\t\t\t\t<div class=\"elementor-widget-container\">\n\t\t\t\t\t\t\t\t\t<p>Stream Power to eksperci w dziedzinie zasilania bezprzerwowego<br \/>Ukrai\u0144ska firma \u201eSTREAMPOWER\u201d Sp. z o.o., kt\u00f3rej celem jest doskonalenie us\u0142ug i dostosowanie oferty rynkowej do mi\u0119dzynarodowego poziomu standard\u00f3w jako\u015bci. Jest to zesp\u00f3\u0142 specjalist\u00f3w z ponad 15-letnim do\u015bwiadczeniem w dziedzinie zasilania awaryjnego.<br \/>Dlaczego warto nas wybra\u0107? Poniewa\u017c nie szukamy klient\u00f3w na \u201ejeden dzie\u0144\u201d. Nasi specjali\u015bci szybko reaguj\u0105 na zapytania, zawsze oferuj\u0105c najbardziej optymalne opcje rozwi\u0105zania ka\u017cdego problemu, od wyboru \u0142adowarki po wysy\u0142k\u0119 partii baterii trakcyjnych do grupy. Credo firmy &#8211; Ka\u017cdy, kto w\u0142a\u015bnie nas odwiedzi\u0142, zostaje z nami na d\u0142ugo. Jest ku temu wiele przes\u0142anek.<br \/><br \/>W oparciu o wieloletnie analizy, bior\u0105c pod uwag\u0119 specyfik\u0119 warunk\u00f3w pracy i wymagania konsument\u00f3w, zbudowali\u015bmy gam\u0119 urz\u0105dze\u0144 o szerokim zakresie, kt\u00f3ra jest optymalna dla rynku ukrai\u0144skiego:<br \/>Falowniki hybrydowe i off grid<br \/>Systemy magazynowania energii<br \/>Zasilacze bezprzerwowe (UPS)<br \/>Akumulatory stacjonarne<br \/>Przeno\u015bne stacje \u0142adowania<br \/>Baterie trakcyjne<br \/><br \/>We w\u0142asnym centrum serwisowym przeprowadzamy diagnostyk\u0119, prewencj\u0119, wymian\u0119 podzespo\u0142\u00f3w, monta\u017c\/demonta\u017c i napraw\u0119 urz\u0105dze\u0144.<\/p>\t\t\t\t\t\t\t\t<\/div>\n\t\t\t\t<\/div>\n\t\t\t\t<div class=\"elementor-element elementor-element-07f3f3a elementor-widget elementor-widget-text-editor\" data-id=\"07f3f3a\" data-element_type=\"widget\" data-e-type=\"widget\" data-widget_type=\"text-editor.default\">\n\t\t\t\t<div class=\"elementor-widget-container\">\n\t\t\t\t\t\t\t\t\t<p>Telefon: +38 095 440 40 85<\/p><p>E-mail: info@streampower.com.ua<\/p><p>Strona Internetowa: <a href=\"https:\/\/streampower.com.ua\/\" rel=\"nofollow noopener\" target=\"_blank\">streampower.com.ua<\/a><\/p><p>Adres: \u0423\u043a\u0440\u0430\u0457\u043d\u0430 \u043c. \u041a\u0438\u0457\u0432, \u0432\u0443\u043b. \u041a\u0430\u0434\u0435\u0442\u0441\u044c\u043a\u0438\u0439 \u0433\u0430\u0439 6-\u0410<\/p><p>Region Wsp\u00f3\u0142pracy : Kiev, Ukraine<\/p>\t\t\t\t\t\t\t\t<\/div>\n\t\t\t\t<\/div>\n\t\t\t\t\t<\/div>\n\t\t\t\t<\/div>\n\t\t<div class=\"elementor-element elementor-element-bd16004 e-flex e-con-boxed e-con e-child\" data-id=\"bd16004\" data-element_type=\"container\" data-e-type=\"container\">\n\t\t\t\t\t<div class=\"e-con-inner\">\n\t\t\t\t<div class=\"elementor-element elementor-element-04e67d7 elementor-widget elementor-widget-image\" data-id=\"04e67d7\" data-element_type=\"widget\" data-e-type=\"widget\" data-widget_type=\"image.default\">\n\t\t\t\t<div class=\"elementor-widget-container\">\n\t\t\t\t\t\t\t\t\t\t\t\t\t\t\t<img decoding=\"async\" width=\"1024\" height=\"533\" src=\"https:\/\/chisagepolska.pl\/wp-content\/uploads\/2024\/08\/Stream-Power-logo-3-1024x533.jpg\" class=\"attachment-large size-large wp-image-21160\" alt=\"Stream Power logo-3\" srcset=\"https:\/\/chisagepolska.pl\/wp-content\/uploads\/2024\/08\/Stream-Power-logo-3-1024x533.jpg 1024w, https:\/\/chisagepolska.pl\/wp-content\/uploads\/2024\/08\/Stream-Power-logo-3-300x156.jpg 300w, https:\/\/chisagepolska.pl\/wp-content\/uploads\/2024\/08\/Stream-Power-logo-3-768x400.jpg 768w, https:\/\/chisagepolska.pl\/wp-content\/uploads\/2024\/08\/Stream-Power-logo-3.jpg 1095w\" sizes=\"(max-width: 1024px) 100vw, 1024px\" \/>\t\t\t\t\t\t\t\t\t\t\t\t\t\t\t<\/div>\n\t\t\t\t<\/div>\n\t\t\t\t\t<\/div>\n\t\t\t\t<\/div>\n\t\t\t\t<\/div>\n\t\t\t\t<\/div>\n\t\t\t\t<section class=\"elementor-section elementor-top-section elementor-element elementor-element-71dcaaa elementor-section-content-middle elementor-section-boxed elementor-section-height-default elementor-section-height-default\" data-id=\"71dcaaa\" data-element_type=\"section\" data-e-type=\"section\" data-settings=\"{&quot;background_background&quot;:&quot;classic&quot;}\">\n\t\t\t\t\t\t<div class=\"elementor-container elementor-column-gap-no\">\n\t\t\t\t\t<div class=\"elementor-column elementor-col-100 elementor-top-column elementor-element elementor-element-6a5a528\" data-id=\"6a5a528\" data-element_type=\"column\" data-e-type=\"column\">\n\t\t\t<div class=\"elementor-widget-wrap elementor-element-populated\">\n\t\t\t\t\t\t<div class=\"elementor-element elementor-element-9627491 elementor-widget elementor-widget-heading\" data-id=\"9627491\" data-element_type=\"widget\" data-e-type=\"widget\" data-widget_type=\"heading.default\">\n\t\t\t\t<div class=\"elementor-widget-container\">\n\t\t\t\t\t<h2 class=\"elementor-heading-title elementor-size-default\">Co M\u00f3wi\u0105 Klienci<\/h2>\t\t\t\t<\/div>\n\t\t\t\t<\/div>\n\t\t\t\t<div class=\"elementor-element elementor-element-7862fb0 elementor-widget elementor-widget-heading\" data-id=\"7862fb0\" data-element_type=\"widget\" data-e-type=\"widget\" data-widget_type=\"heading.default\">\n\t\t\t\t<div class=\"elementor-widget-container\">\n\t\t\t\t\t<h5 class=\"elementor-heading-title elementor-size-default\">Pos\u0142uchaj, co zadowoleni klienci m\u00f3wi\u0105 o Chisage Polska!<\/h5>\t\t\t\t<\/div>\n\t\t\t\t<\/div>\n\t\t\t\t<section class=\"elementor-section elementor-inner-section elementor-element elementor-element-096133c elementor-section-full_width elementor-section-height-default elementor-section-height-default\" data-id=\"096133c\" data-element_type=\"section\" data-e-type=\"section\">\n\t\t\t\t\t\t<div class=\"elementor-container elementor-column-gap-default\">\n\t\t\t\t\t<div class=\"elementor-column elementor-col-100 elementor-inner-column elementor-element elementor-element-e29aef2\" data-id=\"e29aef2\" data-element_type=\"column\" data-e-type=\"column\">\n\t\t\t<div class=\"elementor-widget-wrap elementor-element-populated\">\n\t\t\t\t\t\t<div class=\"elementor-element elementor-element-cf26164 elementor-pagination-type-bullets elementor-pagination-position-outside elementor-widget elementor-widget-n-carousel\" data-id=\"cf26164\" data-element_type=\"widget\" data-e-type=\"widget\" data-settings=\"{&quot;carousel_items&quot;:[{&quot;slide_title&quot;:&quot;Ceo of Ecosolar&quot;,&quot;_id&quot;:&quot;e838605&quot;}],&quot;slides_to_show&quot;:&quot;1&quot;,&quot;slides_to_scroll&quot;:&quot;1&quot;,&quot;speed&quot;:3000,&quot;image_spacing_custom&quot;:{&quot;unit&quot;:&quot;px&quot;,&quot;size&quot;:15,&quot;sizes&quot;:[]},&quot;slides_to_show_tablet&quot;:&quot;2&quot;,&quot;slides_to_show_mobile&quot;:&quot;1&quot;,&quot;infinite&quot;:&quot;yes&quot;,&quot;offset_sides&quot;:&quot;none&quot;,&quot;pagination&quot;:&quot;bullets&quot;,&quot;image_spacing_custom_tablet&quot;:{&quot;unit&quot;:&quot;px&quot;,&quot;size&quot;:&quot;&quot;,&quot;sizes&quot;:[]},&quot;image_spacing_custom_mobile&quot;:{&quot;unit&quot;:&quot;px&quot;,&quot;size&quot;:&quot;&quot;,&quot;sizes&quot;:[]}}\" data-widget_type=\"nested-carousel.default\">\n\t\t\t\t<div class=\"elementor-widget-container\">\n\t\t\t\t\t\t\t<div class=\"e-n-carousel swiper\" role=\"region\" aria-roledescription=\"carousel\" aria-label=\"Carousel\" dir=\"ltr\">\n\t\t\t<div class=\"swiper-wrapper\" aria-live=\"polite\">\n\t\t\t\t\t\t\t\t\t\t<div class=\"swiper-slide\" data-slide=\"1\" role=\"group\" aria-roledescription=\"slide\" aria-label=\"1 of 1\">\n\t\t\t\t\t\t\t<div class=\"elementor-element elementor-element-edf76d8 e-flex e-con-boxed e-con e-child\" data-id=\"edf76d8\" data-element_type=\"container\" data-e-type=\"container\" data-settings=\"{&quot;background_background&quot;:&quot;classic&quot;}\">\n\t\t\t\t\t<div class=\"e-con-inner\">\n\t\t\t\t<div class=\"elementor-element elementor-element-583e9cf elementor-position-top elementor-widget elementor-widget-image-box\" data-id=\"583e9cf\" data-element_type=\"widget\" data-e-type=\"widget\" data-widget_type=\"image-box.default\">\n\t\t\t\t<div class=\"elementor-widget-container\">\n\t\t\t\t\t<div class=\"elementor-image-box-wrapper\"><figure class=\"elementor-image-box-img\"><img decoding=\"async\" width=\"150\" height=\"150\" src=\"https:\/\/chisagepolska.pl\/wp-content\/uploads\/2024\/07\/CEO-of-Stream-Power1-150x150.jpg\" class=\"attachment-thumbnail size-thumbnail wp-image-21035\" alt=\"\" srcset=\"https:\/\/chisagepolska.pl\/wp-content\/uploads\/2024\/07\/CEO-of-Stream-Power1-150x150.jpg 150w, https:\/\/chisagepolska.pl\/wp-content\/uploads\/2024\/07\/CEO-of-Stream-Power1-300x300.jpg 300w, https:\/\/chisagepolska.pl\/wp-content\/uploads\/2024\/07\/CEO-of-Stream-Power1-768x768.jpg 768w, https:\/\/chisagepolska.pl\/wp-content\/uploads\/2024\/07\/CEO-of-Stream-Power1.jpg 1000w\" sizes=\"(max-width: 150px) 100vw, 150px\" \/><\/figure><div class=\"elementor-image-box-content\"><h3 class=\"elementor-image-box-title\">Oleksandr\u00a0Pryadko<br>CEO of Stream Power<\/h3><\/div><\/div>\t\t\t\t<\/div>\n\t\t\t\t<\/div>\n\t\t\t\t\t<\/div>\n\t\t\t\t<\/div>\n\t\t\t\t\t\t\t\t<\/div>\n\t\t\t\t\t\t\t\t<\/div>\n\t\t<\/div>\n\t\t\t\t\t\t<\/div>\n\t\t\t\t<\/div>\n\t\t\t\t\t<\/div>\n\t\t<\/div>\n\t\t\t\t\t<\/div>\n\t\t<\/section>\n\t\t\t\t\t<\/div>\n\t\t<\/div>\n\t\t\t\t\t<\/div>\n\t\t<\/section>\n\t\t<div class=\"elementor-element elementor-element-0b83284 e-flex e-con-boxed e-con e-parent\" data-id=\"0b83284\" data-element_type=\"container\" data-e-type=\"container\">\n\t\t\t\t\t<div class=\"e-con-inner\">\n\t\t\t\t<div class=\"elementor-element elementor-element-670c365 elementor-align-center elementor-widget elementor-widget-button\" data-id=\"670c365\" data-element_type=\"widget\" data-e-type=\"widget\" data-widget_type=\"button.default\">\n\t\t\t\t<div class=\"elementor-widget-container\">\n\t\t\t\t\t\t\t\t\t<div class=\"elementor-button-wrapper\">\n\t\t\t\t\t<a class=\"elementor-button elementor-button-link elementor-size-sm elementor-animation-grow\" href=\"#elementor-action%3Aaction%3Dpopup%3Aopen%26settings%3DeyJpZCI6IjIwNzM0IiwidG9nZ2xlIjpmYWxzZX0%3D\">\n\t\t\t\t\t\t<span class=\"elementor-button-content-wrapper\">\n\t\t\t\t\t\t\t\t\t<span class=\"elementor-button-text\">Zosta\u0144 partnerem<\/span>\n\t\t\t\t\t<\/span>\n\t\t\t\t\t<\/a>\n\t\t\t\t<\/div>\n\t\t\t\t\t\t\t\t<\/div>\n\t\t\t\t<\/div>\n\t\t\t\t\t<\/div>\n\t\t\t\t<\/div>\n\t\t\t\t<\/div>\n\t\t","protected":false},"excerpt":{"rendered":"<p>Nasi Partnerzy Nasi partnerzy pomagaj\u0105 nam dostarcza\u0107 i [&hellip;]<\/p>\n","protected":false},"author":1,"featured_media":0,"parent":0,"menu_order":0,"comment_status":"closed","ping_status":"closed","template":"","meta":{"site-sidebar-layout":"no-sidebar","site-content-layout":"page-builder","ast-site-content-layout":"full-width-container","site-content-style":"default","site-sidebar-style":"default","ast-global-header-display":"","ast-banner-title-visibility":"","ast-main-header-display":"","ast-hfb-above-header-display":"","ast-hfb-below-header-display":"","ast-hfb-mobile-header-display":"","site-post-title":"disabled","ast-breadcrumbs-content":"","ast-featured-img":"disabled","footer-sml-layout":"","ast-disable-related-posts":"","theme-transparent-header-meta":"default","adv-header-id-meta":"","stick-header-meta":"default","header-above-stick-meta":"","header-main-stick-meta":"","header-below-stick-meta":"","astra-migrate-meta-layouts":"set","ast-page-background-enabled":"default","ast-page-background-meta":{"desktop":{"background-color":"","background-image":"","background-repeat":"repeat","background-position":"center center","background-size":"auto","background-attachment":"scroll","background-type":"","background-media":"","overlay-type":"","overlay-color":"","overlay-opacity":"","overlay-gradient":""},"tablet":{"background-color":"","background-image":"","background-repeat":"repeat","background-position":"center center","background-size":"auto","background-attachment":"scroll","background-type":"","background-media":"","overlay-type":"","overlay-color":"","overlay-opacity":"","overlay-gradient":""},"mobile":{"background-color":"","background-image":"","background-repeat":"repeat","background-position":"center center","background-size":"auto","background-attachment":"scroll","background-type":"","background-media":"","overlay-type":"","overlay-color":"","overlay-opacity":"","overlay-gradient":""}},"ast-content-background-meta":{"desktop":{"background-color":"var(--ast-global-color-5)","background-image":"","background-repeat":"repeat","background-position":"center center","background-size":"auto","background-attachment":"scroll","background-type":"","background-media":"","overlay-type":"","overlay-color":"","overlay-opacity":"","overlay-gradient":""},"tablet":{"background-color":"var(--ast-global-color-5)","background-image":"","background-repeat":"repeat","background-position":"center center","background-size":"auto","background-attachment":"scroll","background-type":"","background-media":"","overlay-type":"","overlay-color":"","overlay-opacity":"","overlay-gradient":""},"mobile":{"background-color":"var(--ast-global-color-5)","background-image":"","background-repeat":"repeat","background-position":"center center","background-size":"auto","background-attachment":"scroll","background-type":"","background-media":"","overlay-type":"","overlay-color":"","overlay-opacity":"","overlay-gradient":""}},"footnotes":""},"class_list":["post-21032","page","type-page","status-publish","hentry"],"_links":{"self":[{"href":"https:\/\/chisagepolska.pl\/index.php\/wp-json\/wp\/v2\/pages\/21032","targetHints":{"allow":["GET"]}}],"collection":[{"href":"https:\/\/chisagepolska.pl\/index.php\/wp-json\/wp\/v2\/pages"}],"about":[{"href":"https:\/\/chisagepolska.pl\/index.php\/wp-json\/wp\/v2\/types\/page"}],"author":[{"embeddable":true,"href":"https:\/\/chisagepolska.pl\/index.php\/wp-json\/wp\/v2\/users\/1"}],"replies":[{"embeddable":true,"href":"https:\/\/chisagepolska.pl\/index.php\/wp-json\/wp\/v2\/comments?post=21032"}],"version-history":[{"count":14,"href":"https:\/\/chisagepolska.pl\/index.php\/wp-json\/wp\/v2\/pages\/21032\/revisions"}],"predecessor-version":[{"id":21189,"href":"https:\/\/chisagepolska.pl\/index.php\/wp-json\/wp\/v2\/pages\/21032\/revisions\/21189"}],"wp:attachment":[{"href":"https:\/\/chisagepolska.pl\/index.php\/wp-json\/wp\/v2\/media?parent=21032"}],"curies":[{"name":"wp","href":"https:\/\/api.w.org\/{rel}","templated":true}]}}