{"id":21190,"date":"2024-09-09T10:58:20","date_gmt":"2024-09-09T08:58:20","guid":{"rendered":"https:\/\/chisagepolska.pl\/?page_id=21190"},"modified":"2024-09-18T09:18:04","modified_gmt":"2024-09-18T07:18:04","slug":"partnerzy-new-line-energy","status":"publish","type":"page","link":"https:\/\/chisagepolska.pl\/index.php\/partnerzy-new-line-energy\/","title":{"rendered":"Partnerzy &#8211; New Line Energy"},"content":{"rendered":"\t\t<div data-elementor-type=\"wp-page\" data-elementor-id=\"21190\" class=\"elementor elementor-21190\" data-elementor-post-type=\"page\">\n\t\t\t\t<div class=\"elementor-element elementor-element-7c191cd e-con-full e-flex e-con e-parent\" data-id=\"7c191cd\" data-element_type=\"container\" data-e-type=\"container\">\n\t\t\t\t<div class=\"elementor-element elementor-element-cd37517 elementor-widget elementor-widget-image\" data-id=\"cd37517\" data-element_type=\"widget\" data-e-type=\"widget\" data-widget_type=\"image.default\">\n\t\t\t\t<div class=\"elementor-widget-container\">\n\t\t\t\t\t\t\t\t\t\t\t\t\t\t\t<img fetchpriority=\"high\" decoding=\"async\" width=\"1920\" height=\"720\" src=\"https:\/\/chisagepolska.pl\/wp-content\/uploads\/2024\/06\/CHISAGE-ESS-Produktfamilien-2-1-e1701246751225.jpg\" class=\"attachment-full size-full wp-image-20730\" alt=\"\" srcset=\"https:\/\/chisagepolska.pl\/wp-content\/uploads\/2024\/06\/CHISAGE-ESS-Produktfamilien-2-1-e1701246751225.jpg 1920w, https:\/\/chisagepolska.pl\/wp-content\/uploads\/2024\/06\/CHISAGE-ESS-Produktfamilien-2-1-e1701246751225-300x113.jpg 300w, https:\/\/chisagepolska.pl\/wp-content\/uploads\/2024\/06\/CHISAGE-ESS-Produktfamilien-2-1-e1701246751225-1024x384.jpg 1024w, https:\/\/chisagepolska.pl\/wp-content\/uploads\/2024\/06\/CHISAGE-ESS-Produktfamilien-2-1-e1701246751225-768x288.jpg 768w, https:\/\/chisagepolska.pl\/wp-content\/uploads\/2024\/06\/CHISAGE-ESS-Produktfamilien-2-1-e1701246751225-1536x576.jpg 1536w\" sizes=\"(max-width: 1920px) 100vw, 1920px\" \/>\t\t\t\t\t\t\t\t\t\t\t\t\t\t\t<\/div>\n\t\t\t\t<\/div>\n\t\t<div class=\"elementor-element elementor-element-1a87815 e-flex e-con-boxed e-con e-child\" data-id=\"1a87815\" data-element_type=\"container\" data-e-type=\"container\">\n\t\t\t\t\t<div class=\"e-con-inner\">\n\t\t\t\t<div class=\"elementor-element elementor-element-bec426d elementor-widget elementor-widget-heading\" data-id=\"bec426d\" data-element_type=\"widget\" data-e-type=\"widget\" data-widget_type=\"heading.default\">\n\t\t\t\t<div class=\"elementor-widget-container\">\n\t\t\t\t\t<h1 class=\"elementor-heading-title elementor-size-default\">Nasi Partnerzy<\/h1>\t\t\t\t<\/div>\n\t\t\t\t<\/div>\n\t\t\t\t<div class=\"elementor-element elementor-element-cf9cdad elementor-widget elementor-widget-text-editor\" data-id=\"cf9cdad\" data-element_type=\"widget\" data-e-type=\"widget\" data-widget_type=\"text-editor.default\">\n\t\t\t\t<div class=\"elementor-widget-container\">\n\t\t\t\t\t\t\t\t\t<p>Nasi partnerzy pomagaj\u0105 nam dostarcza\u0107 innowacyjne rozwi\u0105zania w zakresie magazynowania energii w ca\u0142ej Europie. Jeste\u015bmy dumni ze wsp\u00f3\u0142pracy z wiod\u0105cymi firmami w bran\u017cy.<\/p>\t\t\t\t\t\t\t\t<\/div>\n\t\t\t\t<\/div>\n\t\t\t\t\t<\/div>\n\t\t\t\t<\/div>\n\t\t<div class=\"elementor-element elementor-element-457642d e-con-full e-flex e-con e-child\" data-id=\"457642d\" data-element_type=\"container\" data-e-type=\"container\">\n\t\t<div class=\"elementor-element elementor-element-d4a563f e-flex e-con-boxed e-con e-child\" data-id=\"d4a563f\" data-element_type=\"container\" data-e-type=\"container\">\n\t\t\t\t\t<div class=\"e-con-inner\">\n\t\t\t\t<div class=\"elementor-element elementor-element-4e8a99b elementor-widget elementor-widget-heading\" data-id=\"4e8a99b\" data-element_type=\"widget\" data-e-type=\"widget\" data-widget_type=\"heading.default\">\n\t\t\t\t<div class=\"elementor-widget-container\">\n\t\t\t\t\t<h2 class=\"elementor-heading-title elementor-size-default\">New Line Energy<\/h2>\t\t\t\t<\/div>\n\t\t\t\t<\/div>\n\t\t\t\t<div class=\"elementor-element elementor-element-9a6fee0 elementor-widget elementor-widget-text-editor\" data-id=\"9a6fee0\" data-element_type=\"widget\" data-e-type=\"widget\" data-widget_type=\"text-editor.default\">\n\t\t\t\t<div class=\"elementor-widget-container\">\n\t\t\t\t\t\t\t\t\t<p>\u041a\u043e\u043c\u043f\u0430\u043d\u0456\u044e \u0422\u041e\u0412 \u00ab\u041d\u042c\u042e \u041b\u0410\u0419\u041d \u0415\u041d\u0415\u0420\u0414\u0416\u0406\u00bb \u0431\u0443\u043b\u043e \u0437\u0430\u0441\u043d\u043e\u0432\u0430\u043d\u043e \u0443 2016 \u0440\u043e\u0446\u0456. \u041e\u0441\u043d\u043e\u0432\u043d\u043e\u044e \u043c\u0435\u0442\u043e\u044e \u043a\u043e\u043c\u043f\u0430\u043d\u0456\u0457 \u0431\u0443\u043b\u0430 \u0440\u0435\u0430\u043b\u0456\u0437\u0430\u0446\u0456\u044f \u043d\u0435\u0432\u0435\u043b\u0438\u043a\u0438\u0445 \u0441\u043e\u043d\u044f\u0447\u043d\u0438\u0445 \u0435\u043b\u0435\u043a\u0442\u0440\u043e\u0441\u0442\u0430\u043d\u0446\u0456\u0439 (\u0421\u0415\u0421) \u0434\u043b\u044f \u0434\u043e\u043c\u043e\u0433\u043e\u0441\u043f\u043e\u0434\u0430\u0440\u0441\u0442\u0432 \u043f\u0456\u0434 \u00ab\u0437\u0435\u043b\u0435\u043d\u0438\u0439 \u0442\u0430\u0440\u0438\u0444\u00bb. \u0411\u0443\u043b\u043e \u0437\u043c\u043e\u043d\u0442\u043e\u0432\u0430\u043d\u043e \u043f\u043e\u043d\u0430\u0434 100 \u0441\u0442\u0430\u043d\u0446\u0456\u0439 \u0440\u0456\u0437\u043d\u043e\u0457 \u0441\u043a\u043b\u0430\u0434\u043d\u043e\u0441\u0442\u0456 \u0442\u0430 \u043f\u043e\u0442\u0443\u0436\u043d\u043e\u0441\u0442\u0456. \u0412 \u043f\u0440\u043e\u0446\u0435\u0441\u0456 \u0440\u043e\u0431\u043e\u0442\u0438 \u0432\u0438\u043a\u043e\u0440\u0438\u0441\u0442\u043e\u0432\u0443\u0432\u0430\u043b\u043e\u0441\u044f \u043e\u0431\u043b\u0430\u0434\u043d\u0430\u043d\u043d\u044f \u0440\u0456\u0437\u043d\u0438\u0445 \u0432\u0438\u0440\u043e\u0431\u043d\u0438\u043a\u0456\u0432, \u0449\u043e \u0434\u043e\u0437\u0432\u043e\u043b\u0438\u043b\u043e \u043d\u0430\u043c \u0432\u0438\u0437\u043d\u0430\u0447\u0438\u0442\u0438\u0441\u044f \u0437 \u0442\u0438\u043c \u043f\u0435\u0440\u0435\u043b\u0456\u043a\u043e\u043c \u043f\u043e\u0441\u0442\u0430\u0447\u0430\u043b\u044c\u043d\u0438\u043a\u0456\u0432, \u044f\u043a\u0456 \u0432\u0456\u0434\u043f\u043e\u0432\u0456\u0434\u0430\u044e\u0442\u044c \u0432\u0438\u043c\u043e\u0433\u0430\u043c \u044f\u043a\u043e\u0441\u0442\u0456 \u0442\u0430 \u0437\u0430\u0434\u043e\u0432\u043e\u043b\u044c\u043d\u044f\u044e\u0442\u044c \u043f\u043e\u0442\u0440\u0435\u0431\u0438 \u043d\u0430\u0448\u0438\u0445 \u043a\u043b\u0456\u0454\u043d\u0442\u0456\u0432.<\/p>\n<p>\u0417 \u0447\u0430\u0441\u043e\u043c, \u043d\u0430\u0431\u0443\u0432\u0448\u0438 \u043f\u0435\u0432\u043d\u043e\u0433\u043e \u0434\u043e\u0441\u0432\u0456\u0434\u0443, \u0430 \u0442\u0430\u043a\u043e\u0436 \u0432\u0440\u0430\u0445\u043e\u0432\u0443\u044e\u0447\u0438 \u0437\u0430\u043f\u0438\u0442\u0438 \u0440\u0438\u043d\u043a\u0443, \u043f\u043e\u0432\u2019\u044f\u0437\u0430\u043d\u0456 \u0437\u0456 \u0437\u0434\u043e\u0440\u043e\u0436\u0447\u0430\u043d\u043d\u044f\u043c \u0435\u043b\u0435\u043a\u0442\u0440\u043e\u0435\u043d\u0435\u0440\u0433\u0456\u0457 \u0434\u043b\u044f \u0431\u0456\u0437\u043d\u0435\u0441\u0443, \u043c\u0438 \u043f\u043e\u0447\u0430\u043b\u0438 \u0440\u043e\u0437\u0448\u0438\u0440\u044e\u0432\u0430\u0442\u0438 \u0441\u043f\u0435\u043a\u0442\u0440 \u043d\u0430\u0448\u0438\u0445 \u043f\u043e\u0441\u043b\u0443\u0433. \u0411\u0443\u043b\u043e \u0441\u0442\u0432\u043e\u0440\u0435\u043d\u043e \u043f\u0456\u0434\u0440\u043e\u0437\u0434\u0456\u043b, \u044f\u043a\u0438\u0439 \u0437\u0430\u0439\u043c\u0430\u0454\u0442\u044c\u0441\u044f \u043f\u0440\u043e\u0454\u043a\u0442\u0443\u0432\u0430\u043d\u043d\u044f\u043c \u0456 \u0431\u0443\u0434\u0456\u0432\u043d\u0438\u0446\u0442\u0432\u043e\u043c \u043f\u0440\u043e\u043c\u0438\u0441\u043b\u043e\u0432\u0438\u0445 \u0441\u0442\u0430\u043d\u0446\u0456\u0439 \u0434\u043b\u044f \u0437\u0430\u043c\u0456\u0449\u0435\u043d\u043d\u044f \u0432\u043b\u0430\u0441\u043d\u043e\u0433\u043e \u0441\u043f\u043e\u0436\u0438\u0432\u0430\u043d\u043d\u044f \u0434\u043b\u044f \u044e\u0440\u0438\u0434\u0438\u0447\u043d\u0438\u0445 \u043e\u0441\u0456\u0431. \u041d\u0430 \u0434\u0430\u043d\u0438\u0439 \u043c\u043e\u043c\u0435\u043d\u0442 \u0443\u0436\u0435 \u0440\u0435\u0430\u043b\u0456\u0437\u043e\u0432\u0430\u043d\u043e \u043f\u043e\u043d\u0430\u0434 50 \u043a\u043e\u043c\u0435\u0440\u0446\u0456\u0439\u043d\u0438\u0445 \u0441\u0442\u0430\u043d\u0446\u0456\u0439.<\/p>\n<p>\u0423 2022 \u0440\u043e\u0446\u0456 \u043a\u043e\u043c\u043f\u0430\u043d\u0456\u044f \u0440\u043e\u0437\u043f\u043e\u0447\u0430\u043b\u0430 \u0441\u0432\u043e\u044e \u0434\u0456\u044f\u043b\u044c\u043d\u0456\u0441\u0442\u044c \u0443 \u0441\u0444\u0435\u0440\u0456 \u0434\u0438\u0441\u0442\u0440\u0438\u0431\u0443\u0446\u0456\u0457 \u0432\u0456\u0434\u043d\u043e\u0432\u043b\u044e\u0432\u0430\u043d\u0438\u0445 \u0434\u0436\u0435\u0440\u0435\u043b \u0435\u043d\u0435\u0440\u0433\u0456\u0457. \u041c\u0438 \u043f\u0438\u0448\u0430\u0454\u043c\u043e\u0441\u044f \u043f\u0440\u044f\u043c\u043e\u044e \u0441\u043f\u0456\u0432\u043f\u0440\u0430\u0446\u0435\u044e \u0437 \u043f\u0440\u043e\u0432\u0456\u0434\u043d\u0438\u043c\u0438 \u0441\u0432\u0456\u0442\u043e\u0432\u0438\u043c\u0438 \u0432\u0438\u0440\u043e\u0431\u043d\u0438\u043a\u0430\u043c\u0438 \u0442\u0430 \u043d\u0430\u0448\u0438\u043c\u0438 \u0443\u043a\u0440\u0430\u0457\u043d\u0441\u044c\u043a\u0438\u043c\u0438 \u043f\u0430\u0440\u0442\u043d\u0435\u0440\u0430\u043c\u0438, \u044f\u043a\u0456 \u0434\u043e\u0432\u0456\u0440\u044f\u044e\u0442\u044c \u043d\u0430\u043c, \u043e\u0441\u043a\u0456\u043b\u044c\u043a\u0438 \u043c\u0438 \u0437\u0430\u0432\u0436\u0434\u0438 \u043d\u0430\u0434\u0430\u0454\u043c\u043e \u043d\u0430\u0439\u043a\u0440\u0430\u0449\u0443 \u043f\u0440\u043e\u0434\u0443\u043a\u0446\u0456\u044e \u0442\u0430 \u0440\u0456\u0448\u0435\u043d\u043d\u044f \u0434\u043b\u044f \u0440\u043e\u0437\u0432\u0438\u0442\u043a\u0443 \u0457\u0445\u043d\u044c\u043e\u0433\u043e \u0431\u0456\u0437\u043d\u0435\u0441\u0443.<\/p>\n<p><\/p>\t\t\t\t\t\t\t\t<\/div>\n\t\t\t\t<\/div>\n\t\t\t\t<div class=\"elementor-element elementor-element-07f3f3a elementor-widget elementor-widget-text-editor\" data-id=\"07f3f3a\" data-element_type=\"widget\" data-e-type=\"widget\" data-widget_type=\"text-editor.default\">\n\t\t\t\t<div class=\"elementor-widget-container\">\n\t\t\t\t\t\t\t\t\t<p>Telefon: +380957668381<\/p><p>E-mail: nle.in.ua@gmail.com<\/p><p>Strona Internetowa: <a href=\"https:\/\/newlineenergy.com.ua\/\" rel=\"nofollow noopener\" target=\"_blank\">newlineenergy.com.ua<\/a><\/p><p>Adres: \u043c. \u041f\u043e\u043b\u0442\u0430\u0432\u0430, \u0432\u0443\u043b. \u0412\u0438\u0437\u0432\u043e\u043b\u0435\u043d\u043d\u044f, 22<\/p><p>Region Wsp\u00f3\u0142pracy : Poltava, Ukraine<\/p>\t\t\t\t\t\t\t\t<\/div>\n\t\t\t\t<\/div>\n\t\t\t\t\t<\/div>\n\t\t\t\t<\/div>\n\t\t<div class=\"elementor-element elementor-element-bd16004 e-flex e-con-boxed e-con e-child\" data-id=\"bd16004\" data-element_type=\"container\" data-e-type=\"container\">\n\t\t\t\t\t<div class=\"e-con-inner\">\n\t\t\t\t<div class=\"elementor-element elementor-element-04e67d7 elementor-widget elementor-widget-image\" data-id=\"04e67d7\" data-element_type=\"widget\" data-e-type=\"widget\" data-widget_type=\"image.default\">\n\t\t\t\t<div class=\"elementor-widget-container\">\n\t\t\t\t\t\t\t\t\t\t\t\t\t\t\t<img decoding=\"async\" width=\"1024\" height=\"533\" src=\"https:\/\/chisagepolska.pl\/wp-content\/uploads\/2024\/09\/New-Line-Energy-3-1024x533.jpg\" class=\"attachment-large size-large wp-image-21194\" alt=\"New Line Energy-3\" srcset=\"https:\/\/chisagepolska.pl\/wp-content\/uploads\/2024\/09\/New-Line-Energy-3-1024x533.jpg 1024w, https:\/\/chisagepolska.pl\/wp-content\/uploads\/2024\/09\/New-Line-Energy-3-300x156.jpg 300w, https:\/\/chisagepolska.pl\/wp-content\/uploads\/2024\/09\/New-Line-Energy-3-768x400.jpg 768w, https:\/\/chisagepolska.pl\/wp-content\/uploads\/2024\/09\/New-Line-Energy-3.jpg 1095w\" sizes=\"(max-width: 1024px) 100vw, 1024px\" \/>\t\t\t\t\t\t\t\t\t\t\t\t\t\t\t<\/div>\n\t\t\t\t<\/div>\n\t\t\t\t\t<\/div>\n\t\t\t\t<\/div>\n\t\t\t\t<\/div>\n\t\t\t\t<\/div>\n\t\t\t\t<section class=\"elementor-section elementor-top-section elementor-element elementor-element-cfa686b elementor-section-content-middle elementor-section-boxed elementor-section-height-default elementor-section-height-default\" data-id=\"cfa686b\" data-element_type=\"section\" data-e-type=\"section\" data-settings=\"{&quot;background_background&quot;:&quot;classic&quot;}\">\n\t\t\t\t\t\t<div class=\"elementor-container elementor-column-gap-no\">\n\t\t\t\t\t<div class=\"elementor-column elementor-col-100 elementor-top-column elementor-element elementor-element-dbc5d23\" data-id=\"dbc5d23\" data-element_type=\"column\" data-e-type=\"column\">\n\t\t\t<div class=\"elementor-widget-wrap elementor-element-populated\">\n\t\t\t\t\t\t<div class=\"elementor-element elementor-element-b134714 elementor-widget elementor-widget-heading\" data-id=\"b134714\" data-element_type=\"widget\" data-e-type=\"widget\" data-widget_type=\"heading.default\">\n\t\t\t\t<div class=\"elementor-widget-container\">\n\t\t\t\t\t<h2 class=\"elementor-heading-title elementor-size-default\">Co M\u00f3wi\u0105 Klienci<\/h2>\t\t\t\t<\/div>\n\t\t\t\t<\/div>\n\t\t\t\t<div class=\"elementor-element elementor-element-52651c7 elementor-widget elementor-widget-heading\" data-id=\"52651c7\" data-element_type=\"widget\" data-e-type=\"widget\" data-widget_type=\"heading.default\">\n\t\t\t\t<div class=\"elementor-widget-container\">\n\t\t\t\t\t<h5 class=\"elementor-heading-title elementor-size-default\">Pos\u0142uchaj, co zadowoleni klienci m\u00f3wi\u0105 o Chisage Polska!<\/h5>\t\t\t\t<\/div>\n\t\t\t\t<\/div>\n\t\t\t\t<section class=\"elementor-section elementor-inner-section elementor-element elementor-element-5c57bb7 elementor-section-full_width elementor-section-height-default elementor-section-height-default\" data-id=\"5c57bb7\" data-element_type=\"section\" data-e-type=\"section\">\n\t\t\t\t\t\t<div class=\"elementor-container elementor-column-gap-default\">\n\t\t\t\t\t<div class=\"elementor-column elementor-col-100 elementor-inner-column elementor-element elementor-element-47aa7a9\" data-id=\"47aa7a9\" data-element_type=\"column\" data-e-type=\"column\">\n\t\t\t<div class=\"elementor-widget-wrap elementor-element-populated\">\n\t\t\t\t\t\t<div class=\"elementor-element elementor-element-403cfeb elementor-pagination-type-bullets elementor-pagination-position-outside elementor-widget elementor-widget-n-carousel\" data-id=\"403cfeb\" data-element_type=\"widget\" data-e-type=\"widget\" data-settings=\"{&quot;carousel_items&quot;:[{&quot;slide_title&quot;:&quot;Ceo of Ecosolar&quot;,&quot;_id&quot;:&quot;e838605&quot;}],&quot;slides_to_show&quot;:&quot;1&quot;,&quot;slides_to_scroll&quot;:&quot;1&quot;,&quot;speed&quot;:3000,&quot;image_spacing_custom&quot;:{&quot;unit&quot;:&quot;px&quot;,&quot;size&quot;:15,&quot;sizes&quot;:[]},&quot;slides_to_show_tablet&quot;:&quot;2&quot;,&quot;slides_to_show_mobile&quot;:&quot;1&quot;,&quot;infinite&quot;:&quot;yes&quot;,&quot;offset_sides&quot;:&quot;none&quot;,&quot;pagination&quot;:&quot;bullets&quot;,&quot;image_spacing_custom_tablet&quot;:{&quot;unit&quot;:&quot;px&quot;,&quot;size&quot;:&quot;&quot;,&quot;sizes&quot;:[]},&quot;image_spacing_custom_mobile&quot;:{&quot;unit&quot;:&quot;px&quot;,&quot;size&quot;:&quot;&quot;,&quot;sizes&quot;:[]}}\" data-widget_type=\"nested-carousel.default\">\n\t\t\t\t<div class=\"elementor-widget-container\">\n\t\t\t\t\t\t\t<div class=\"e-n-carousel swiper\" role=\"region\" aria-roledescription=\"carousel\" aria-label=\"Carousel\" dir=\"ltr\">\n\t\t\t<div class=\"swiper-wrapper\" aria-live=\"polite\">\n\t\t\t\t\t\t\t\t\t\t<div class=\"swiper-slide\" data-slide=\"1\" role=\"group\" aria-roledescription=\"slide\" aria-label=\"1 of 1\">\n\t\t\t\t\t\t\t<div class=\"elementor-element elementor-element-ff020ff e-flex e-con-boxed e-con e-child\" data-id=\"ff020ff\" data-element_type=\"container\" data-e-type=\"container\" data-settings=\"{&quot;background_background&quot;:&quot;classic&quot;}\">\n\t\t\t\t\t<div class=\"e-con-inner\">\n\t\t\t\t<div class=\"elementor-element elementor-element-a910ec2 elementor-position-top elementor-widget elementor-widget-image-box\" data-id=\"a910ec2\" data-element_type=\"widget\" data-e-type=\"widget\" data-widget_type=\"image-box.default\">\n\t\t\t\t<div class=\"elementor-widget-container\">\n\t\t\t\t\t<div class=\"elementor-image-box-wrapper\"><figure class=\"elementor-image-box-img\"><img decoding=\"async\" width=\"150\" height=\"150\" src=\"https:\/\/chisagepolska.pl\/wp-content\/uploads\/2024\/09\/The-ceo-of-new-line-energy-150x150.jpg\" class=\"attachment-thumbnail size-thumbnail wp-image-21243\" alt=\"The ceo of new line energy\" srcset=\"https:\/\/chisagepolska.pl\/wp-content\/uploads\/2024\/09\/The-ceo-of-new-line-energy-150x150.jpg 150w, https:\/\/chisagepolska.pl\/wp-content\/uploads\/2024\/09\/The-ceo-of-new-line-energy-300x300.jpg 300w, https:\/\/chisagepolska.pl\/wp-content\/uploads\/2024\/09\/The-ceo-of-new-line-energy-768x768.jpg 768w, https:\/\/chisagepolska.pl\/wp-content\/uploads\/2024\/09\/The-ceo-of-new-line-energy.jpg 856w\" sizes=\"(max-width: 150px) 100vw, 150px\" \/><\/figure><div class=\"elementor-image-box-content\"><h3 class=\"elementor-image-box-title\">CEO of New Line Energy<\/h3><\/div><\/div>\t\t\t\t<\/div>\n\t\t\t\t<\/div>\n\t\t\t\t\t<\/div>\n\t\t\t\t<\/div>\n\t\t\t\t\t\t\t\t<\/div>\n\t\t\t\t\t\t\t\t<\/div>\n\t\t<\/div>\n\t\t\t\t\t\t<\/div>\n\t\t\t\t<\/div>\n\t\t\t\t\t<\/div>\n\t\t<\/div>\n\t\t\t\t\t<\/div>\n\t\t<\/section>\n\t\t\t\t\t<\/div>\n\t\t<\/div>\n\t\t\t\t\t<\/div>\n\t\t<\/section>\n\t\t<div class=\"elementor-element elementor-element-0b83284 e-flex e-con-boxed e-con e-parent\" data-id=\"0b83284\" data-element_type=\"container\" data-e-type=\"container\">\n\t\t\t\t\t<div class=\"e-con-inner\">\n\t\t\t\t<div class=\"elementor-element elementor-element-670c365 elementor-align-center elementor-widget elementor-widget-button\" data-id=\"670c365\" data-element_type=\"widget\" data-e-type=\"widget\" data-widget_type=\"button.default\">\n\t\t\t\t<div class=\"elementor-widget-container\">\n\t\t\t\t\t\t\t\t\t<div class=\"elementor-button-wrapper\">\n\t\t\t\t\t<a class=\"elementor-button elementor-button-link elementor-size-sm elementor-animation-grow\" href=\"#elementor-action%3Aaction%3Dpopup%3Aopen%26settings%3DeyJpZCI6IjIwNzM0IiwidG9nZ2xlIjpmYWxzZX0%3D\">\n\t\t\t\t\t\t<span class=\"elementor-button-content-wrapper\">\n\t\t\t\t\t\t\t\t\t<span class=\"elementor-button-text\">Zosta\u0144 partnerem<\/span>\n\t\t\t\t\t<\/span>\n\t\t\t\t\t<\/a>\n\t\t\t\t<\/div>\n\t\t\t\t\t\t\t\t<\/div>\n\t\t\t\t<\/div>\n\t\t\t\t\t<\/div>\n\t\t\t\t<\/div>\n\t\t\t\t<\/div>\n\t\t","protected":false},"excerpt":{"rendered":"<p>Nasi Partnerzy Nasi partnerzy pomagaj\u0105 nam dostarcza\u0107 i [&hellip;]<\/p>\n","protected":false},"author":1,"featured_media":0,"parent":0,"menu_order":0,"comment_status":"closed","ping_status":"closed","template":"","meta":{"site-sidebar-layout":"no-sidebar","site-content-layout":"page-builder","ast-site-content-layout":"full-width-container","site-content-style":"default","site-sidebar-style":"default","ast-global-header-display":"","ast-banner-title-visibility":"","ast-main-header-display":"","ast-hfb-above-header-display":"","ast-hfb-below-header-display":"","ast-hfb-mobile-header-display":"","site-post-title":"disabled","ast-breadcrumbs-content":"","ast-featured-img":"disabled","footer-sml-layout":"","ast-disable-related-posts":"","theme-transparent-header-meta":"default","adv-header-id-meta":"","stick-header-meta":"default","header-above-stick-meta":"","header-main-stick-meta":"","header-below-stick-meta":"","astra-migrate-meta-layouts":"set","ast-page-background-enabled":"default","ast-page-background-meta":{"desktop":{"background-color":"","background-image":"","background-repeat":"repeat","background-position":"center center","background-size":"auto","background-attachment":"scroll","background-type":"","background-media":"","overlay-type":"","overlay-color":"","overlay-opacity":"","overlay-gradient":""},"tablet":{"background-color":"","background-image":"","background-repeat":"repeat","background-position":"center center","background-size":"auto","background-attachment":"scroll","background-type":"","background-media":"","overlay-type":"","overlay-color":"","overlay-opacity":"","overlay-gradient":""},"mobile":{"background-color":"","background-image":"","background-repeat":"repeat","background-position":"center center","background-size":"auto","background-attachment":"scroll","background-type":"","background-media":"","overlay-type":"","overlay-color":"","overlay-opacity":"","overlay-gradient":""}},"ast-content-background-meta":{"desktop":{"background-color":"var(--ast-global-color-5)","background-image":"","background-repeat":"repeat","background-position":"center center","background-size":"auto","background-attachment":"scroll","background-type":"","background-media":"","overlay-type":"","overlay-color":"","overlay-opacity":"","overlay-gradient":""},"tablet":{"background-color":"var(--ast-global-color-5)","background-image":"","background-repeat":"repeat","background-position":"center center","background-size":"auto","background-attachment":"scroll","background-type":"","background-media":"","overlay-type":"","overlay-color":"","overlay-opacity":"","overlay-gradient":""},"mobile":{"background-color":"var(--ast-global-color-5)","background-image":"","background-repeat":"repeat","background-position":"center center","background-size":"auto","background-attachment":"scroll","background-type":"","background-media":"","overlay-type":"","overlay-color":"","overlay-opacity":"","overlay-gradient":""}},"footnotes":""},"class_list":["post-21190","page","type-page","status-publish","hentry"],"_links":{"self":[{"href":"https:\/\/chisagepolska.pl\/index.php\/wp-json\/wp\/v2\/pages\/21190","targetHints":{"allow":["GET"]}}],"collection":[{"href":"https:\/\/chisagepolska.pl\/index.php\/wp-json\/wp\/v2\/pages"}],"about":[{"href":"https:\/\/chisagepolska.pl\/index.php\/wp-json\/wp\/v2\/types\/page"}],"author":[{"embeddable":true,"href":"https:\/\/chisagepolska.pl\/index.php\/wp-json\/wp\/v2\/users\/1"}],"replies":[{"embeddable":true,"href":"https:\/\/chisagepolska.pl\/index.php\/wp-json\/wp\/v2\/comments?post=21190"}],"version-history":[{"count":10,"href":"https:\/\/chisagepolska.pl\/index.php\/wp-json\/wp\/v2\/pages\/21190\/revisions"}],"predecessor-version":[{"id":21246,"href":"https:\/\/chisagepolska.pl\/index.php\/wp-json\/wp\/v2\/pages\/21190\/revisions\/21246"}],"wp:attachment":[{"href":"https:\/\/chisagepolska.pl\/index.php\/wp-json\/wp\/v2\/media?parent=21190"}],"curies":[{"name":"wp","href":"https:\/\/api.w.org\/{rel}","templated":true}]}}