{"id":21279,"date":"2024-10-31T08:09:43","date_gmt":"2024-10-31T07:09:43","guid":{"rendered":"https:\/\/chisagepolska.pl\/?page_id=21279"},"modified":"2024-10-31T08:09:48","modified_gmt":"2024-10-31T07:09:48","slug":"partnerzy-solar-expert","status":"publish","type":"page","link":"https:\/\/chisagepolska.pl\/index.php\/partnerzy-solar-expert\/","title":{"rendered":"Partnerzy &#8211; Solar-expert"},"content":{"rendered":"\t\t<div data-elementor-type=\"wp-page\" data-elementor-id=\"21279\" class=\"elementor elementor-21279\" data-elementor-post-type=\"page\">\n\t\t\t\t<div class=\"elementor-element elementor-element-7c191cd e-con-full e-flex e-con e-parent\" data-id=\"7c191cd\" data-element_type=\"container\" data-e-type=\"container\">\n\t\t\t\t<div class=\"elementor-element elementor-element-cd37517 elementor-widget elementor-widget-image\" data-id=\"cd37517\" data-element_type=\"widget\" data-e-type=\"widget\" data-widget_type=\"image.default\">\n\t\t\t\t<div class=\"elementor-widget-container\">\n\t\t\t\t\t\t\t\t\t\t\t\t\t\t\t<img fetchpriority=\"high\" decoding=\"async\" width=\"1920\" height=\"720\" src=\"https:\/\/chisagepolska.pl\/wp-content\/uploads\/2024\/06\/CHISAGE-ESS-Produktfamilien-2-1-e1701246751225.jpg\" class=\"attachment-full size-full wp-image-20730\" alt=\"\" srcset=\"https:\/\/chisagepolska.pl\/wp-content\/uploads\/2024\/06\/CHISAGE-ESS-Produktfamilien-2-1-e1701246751225.jpg 1920w, https:\/\/chisagepolska.pl\/wp-content\/uploads\/2024\/06\/CHISAGE-ESS-Produktfamilien-2-1-e1701246751225-300x113.jpg 300w, https:\/\/chisagepolska.pl\/wp-content\/uploads\/2024\/06\/CHISAGE-ESS-Produktfamilien-2-1-e1701246751225-1024x384.jpg 1024w, https:\/\/chisagepolska.pl\/wp-content\/uploads\/2024\/06\/CHISAGE-ESS-Produktfamilien-2-1-e1701246751225-768x288.jpg 768w, https:\/\/chisagepolska.pl\/wp-content\/uploads\/2024\/06\/CHISAGE-ESS-Produktfamilien-2-1-e1701246751225-1536x576.jpg 1536w\" sizes=\"(max-width: 1920px) 100vw, 1920px\" \/>\t\t\t\t\t\t\t\t\t\t\t\t\t\t\t<\/div>\n\t\t\t\t<\/div>\n\t\t<div class=\"elementor-element elementor-element-1a87815 e-flex e-con-boxed e-con e-child\" data-id=\"1a87815\" data-element_type=\"container\" data-e-type=\"container\">\n\t\t\t\t\t<div class=\"e-con-inner\">\n\t\t\t\t<div class=\"elementor-element elementor-element-bec426d elementor-widget elementor-widget-heading\" data-id=\"bec426d\" data-element_type=\"widget\" data-e-type=\"widget\" data-widget_type=\"heading.default\">\n\t\t\t\t<div class=\"elementor-widget-container\">\n\t\t\t\t\t<h1 class=\"elementor-heading-title elementor-size-default\">Nasi Partnerzy<\/h1>\t\t\t\t<\/div>\n\t\t\t\t<\/div>\n\t\t\t\t<div class=\"elementor-element elementor-element-cf9cdad elementor-widget elementor-widget-text-editor\" data-id=\"cf9cdad\" data-element_type=\"widget\" data-e-type=\"widget\" data-widget_type=\"text-editor.default\">\n\t\t\t\t<div class=\"elementor-widget-container\">\n\t\t\t\t\t\t\t\t\t<p>Nasi partnerzy pomagaj\u0105 nam dostarcza\u0107 innowacyjne rozwi\u0105zania w zakresie magazynowania energii w ca\u0142ej Europie. Jeste\u015bmy dumni ze wsp\u00f3\u0142pracy z wiod\u0105cymi firmami w bran\u017cy.<\/p>\t\t\t\t\t\t\t\t<\/div>\n\t\t\t\t<\/div>\n\t\t\t\t\t<\/div>\n\t\t\t\t<\/div>\n\t\t<div class=\"elementor-element elementor-element-457642d e-con-full e-flex e-con e-child\" data-id=\"457642d\" data-element_type=\"container\" data-e-type=\"container\">\n\t\t<div class=\"elementor-element elementor-element-d4a563f e-flex e-con-boxed e-con e-child\" data-id=\"d4a563f\" data-element_type=\"container\" data-e-type=\"container\">\n\t\t\t\t\t<div class=\"e-con-inner\">\n\t\t\t\t<div class=\"elementor-element elementor-element-4e8a99b elementor-widget elementor-widget-heading\" data-id=\"4e8a99b\" data-element_type=\"widget\" data-e-type=\"widget\" data-widget_type=\"heading.default\">\n\t\t\t\t<div class=\"elementor-widget-container\">\n\t\t\t\t\t<h2 class=\"elementor-heading-title elementor-size-default\">Solar-expert<\/h2>\t\t\t\t<\/div>\n\t\t\t\t<\/div>\n\t\t\t\t<div class=\"elementor-element elementor-element-9a6fee0 elementor-widget elementor-widget-text-editor\" data-id=\"9a6fee0\" data-element_type=\"widget\" data-e-type=\"widget\" data-widget_type=\"text-editor.default\">\n\t\t\t\t<div class=\"elementor-widget-container\">\n\t\t\t\t\t\t\t\t\t<p>Firma solar-expert sp. z o.o. za\u0142o\u017cona zosta\u0142a w 2008 roku w Krakowie.<br \/>Jeste\u015bmy jedn\u0105 z pierwszych firm w bran\u017cy PV w naszym kraju,<br \/>W 2009 budowa instalacji \u00a0PV 23 kWp w Tychach z magazynem energii supportuj\u0105cym prac\u0119 biura firmy na 12 h.<br \/>W 2012 projekt Farmy PV na \u015al\u0105sku o mocy 1,95 MWp.<br \/>Od 2013 produkujemy kolektory S\u0142oneczne \u2013 s\u0142ynny model S-ex 219 nagradzany wielokrotnie za swe parametry.<br \/>Ostatnie osi\u0105gni\u0119cia: 2020 i 2022 Z\u0142oty Laur Klienta, 2023 \u2013 Diament Forbes<br \/>Nasz rdze\u0144 biznesowy to budowa Instalacji PV\/ESS dla biznesu w mocach 50 kWp &#8211; 1 MWp oraz produkcja kolektor\u00f3w s\u0142onecznych,<br \/>Dostarczamy komponenty dla firm buduj\u0105cych Instalacje OZE na terenie Ma\u0142opolski oraz \u015al\u0105ska zapewniaj\u0105c obs\u0142ug\u0119, Serwis oraz wsp\u00f3\u0142prac\u0119 projektow\u0105 dla naszych Klient\u00f3w.<\/p>\t\t\t\t\t\t\t\t<\/div>\n\t\t\t\t<\/div>\n\t\t\t\t<div class=\"elementor-element elementor-element-07f3f3a elementor-widget elementor-widget-text-editor\" data-id=\"07f3f3a\" data-element_type=\"widget\" data-e-type=\"widget\" data-widget_type=\"text-editor.default\">\n\t\t\t\t<div class=\"elementor-widget-container\">\n\t\t\t\t\t\t\t\t\t<p>Telefon: 535 466 227<\/p><p>E-mail: biuro@solar-expert.pl<\/p><p>Strona Internetowa: <a href=\"http:\/\/www.solar-expert.pl\/\" rel=\"nofollow noopener\" target=\"_blank\">www.solar-expert.pl<\/a><\/p>\t\t\t\t\t\t\t\t<\/div>\n\t\t\t\t<\/div>\n\t\t\t\t\t<\/div>\n\t\t\t\t<\/div>\n\t\t<div class=\"elementor-element elementor-element-bd16004 e-flex e-con-boxed e-con e-child\" data-id=\"bd16004\" data-element_type=\"container\" data-e-type=\"container\">\n\t\t\t\t\t<div class=\"e-con-inner\">\n\t\t\t\t<div class=\"elementor-element elementor-element-04e67d7 elementor-widget elementor-widget-image\" data-id=\"04e67d7\" data-element_type=\"widget\" data-e-type=\"widget\" data-widget_type=\"image.default\">\n\t\t\t\t<div class=\"elementor-widget-container\">\n\t\t\t\t\t\t\t\t\t\t\t\t\t\t\t<img decoding=\"async\" width=\"1024\" height=\"533\" src=\"https:\/\/chisagepolska.pl\/wp-content\/uploads\/2024\/10\/Solar-expert-logo-1-1024x533.jpg\" class=\"attachment-large size-large wp-image-21278\" alt=\"Solar-expert logo-1\" srcset=\"https:\/\/chisagepolska.pl\/wp-content\/uploads\/2024\/10\/Solar-expert-logo-1-1024x533.jpg 1024w, https:\/\/chisagepolska.pl\/wp-content\/uploads\/2024\/10\/Solar-expert-logo-1-300x156.jpg 300w, https:\/\/chisagepolska.pl\/wp-content\/uploads\/2024\/10\/Solar-expert-logo-1-768x400.jpg 768w, https:\/\/chisagepolska.pl\/wp-content\/uploads\/2024\/10\/Solar-expert-logo-1.jpg 1095w\" sizes=\"(max-width: 1024px) 100vw, 1024px\" \/>\t\t\t\t\t\t\t\t\t\t\t\t\t\t\t<\/div>\n\t\t\t\t<\/div>\n\t\t\t\t\t<\/div>\n\t\t\t\t<\/div>\n\t\t\t\t<\/div>\n\t\t\t\t<\/div>\n\t\t\t\t<section class=\"elementor-section elementor-top-section elementor-element elementor-element-e660740 elementor-section-content-middle elementor-section-boxed elementor-section-height-default elementor-section-height-default\" data-id=\"e660740\" data-element_type=\"section\" data-e-type=\"section\" data-settings=\"{&quot;background_background&quot;:&quot;classic&quot;}\">\n\t\t\t\t\t\t<div class=\"elementor-container elementor-column-gap-no\">\n\t\t\t\t\t<div class=\"elementor-column elementor-col-100 elementor-top-column elementor-element elementor-element-d921a72\" data-id=\"d921a72\" data-element_type=\"column\" data-e-type=\"column\">\n\t\t\t<div class=\"elementor-widget-wrap elementor-element-populated\">\n\t\t\t\t\t\t<div class=\"elementor-element elementor-element-84a24b7 elementor-widget elementor-widget-heading\" data-id=\"84a24b7\" data-element_type=\"widget\" data-e-type=\"widget\" data-widget_type=\"heading.default\">\n\t\t\t\t<div class=\"elementor-widget-container\">\n\t\t\t\t\t<h2 class=\"elementor-heading-title elementor-size-default\">Co M\u00f3wi\u0105 Klienci<\/h2>\t\t\t\t<\/div>\n\t\t\t\t<\/div>\n\t\t\t\t<div class=\"elementor-element elementor-element-c5e9ad3 elementor-widget elementor-widget-heading\" data-id=\"c5e9ad3\" data-element_type=\"widget\" data-e-type=\"widget\" data-widget_type=\"heading.default\">\n\t\t\t\t<div class=\"elementor-widget-container\">\n\t\t\t\t\t<h5 class=\"elementor-heading-title elementor-size-default\">Pos\u0142uchaj, co zadowoleni klienci m\u00f3wi\u0105 o Chisage Polska!<\/h5>\t\t\t\t<\/div>\n\t\t\t\t<\/div>\n\t\t\t\t<section class=\"elementor-section elementor-inner-section elementor-element elementor-element-ae2d6fd elementor-section-full_width elementor-section-height-default elementor-section-height-default\" data-id=\"ae2d6fd\" data-element_type=\"section\" data-e-type=\"section\">\n\t\t\t\t\t\t<div class=\"elementor-container elementor-column-gap-default\">\n\t\t\t\t\t<div class=\"elementor-column elementor-col-100 elementor-inner-column elementor-element elementor-element-bcb315a\" data-id=\"bcb315a\" data-element_type=\"column\" data-e-type=\"column\">\n\t\t\t<div class=\"elementor-widget-wrap elementor-element-populated\">\n\t\t\t\t\t\t<div class=\"elementor-element elementor-element-04b09e2 elementor-pagination-type-bullets elementor-pagination-position-outside elementor-widget elementor-widget-n-carousel\" data-id=\"04b09e2\" data-element_type=\"widget\" data-e-type=\"widget\" data-settings=\"{&quot;carousel_items&quot;:[{&quot;slide_title&quot;:&quot;Ceo of Ecosolar&quot;,&quot;_id&quot;:&quot;e838605&quot;}],&quot;slides_to_show&quot;:&quot;1&quot;,&quot;slides_to_scroll&quot;:&quot;1&quot;,&quot;speed&quot;:3000,&quot;image_spacing_custom&quot;:{&quot;unit&quot;:&quot;px&quot;,&quot;size&quot;:15,&quot;sizes&quot;:[]},&quot;slides_to_show_tablet&quot;:&quot;2&quot;,&quot;slides_to_show_mobile&quot;:&quot;1&quot;,&quot;infinite&quot;:&quot;yes&quot;,&quot;offset_sides&quot;:&quot;none&quot;,&quot;pagination&quot;:&quot;bullets&quot;,&quot;image_spacing_custom_tablet&quot;:{&quot;unit&quot;:&quot;px&quot;,&quot;size&quot;:&quot;&quot;,&quot;sizes&quot;:[]},&quot;image_spacing_custom_mobile&quot;:{&quot;unit&quot;:&quot;px&quot;,&quot;size&quot;:&quot;&quot;,&quot;sizes&quot;:[]}}\" data-widget_type=\"nested-carousel.default\">\n\t\t\t\t<div class=\"elementor-widget-container\">\n\t\t\t\t\t\t\t<div class=\"e-n-carousel swiper\" role=\"region\" aria-roledescription=\"carousel\" aria-label=\"Carousel\" dir=\"ltr\">\n\t\t\t<div class=\"swiper-wrapper\" aria-live=\"polite\">\n\t\t\t\t\t\t\t\t\t\t<div class=\"swiper-slide\" data-slide=\"1\" role=\"group\" aria-roledescription=\"slide\" aria-label=\"1 of 1\">\n\t\t\t\t\t\t\t<div class=\"elementor-element elementor-element-2759150 e-flex e-con-boxed e-con e-child\" data-id=\"2759150\" data-element_type=\"container\" data-e-type=\"container\" data-settings=\"{&quot;background_background&quot;:&quot;classic&quot;}\">\n\t\t\t\t\t<div class=\"e-con-inner\">\n\t\t\t\t<div class=\"elementor-element elementor-element-7676f60 elementor-position-top elementor-widget elementor-widget-image-box\" data-id=\"7676f60\" data-element_type=\"widget\" data-e-type=\"widget\" data-widget_type=\"image-box.default\">\n\t\t\t\t<div class=\"elementor-widget-container\">\n\t\t\t\t\t<div class=\"elementor-image-box-wrapper\"><figure class=\"elementor-image-box-img\"><img decoding=\"async\" width=\"150\" height=\"150\" src=\"https:\/\/chisagepolska.pl\/wp-content\/uploads\/2024\/10\/Solar-expert-CEO1-150x150.jpg\" class=\"attachment-thumbnail size-thumbnail wp-image-21276\" alt=\"Solar-expert CEO(1)\" srcset=\"https:\/\/chisagepolska.pl\/wp-content\/uploads\/2024\/10\/Solar-expert-CEO1-150x150.jpg 150w, https:\/\/chisagepolska.pl\/wp-content\/uploads\/2024\/10\/Solar-expert-CEO1-300x300.jpg 300w, https:\/\/chisagepolska.pl\/wp-content\/uploads\/2024\/10\/Solar-expert-CEO1-768x768.jpg 768w, https:\/\/chisagepolska.pl\/wp-content\/uploads\/2024\/10\/Solar-expert-CEO1.jpg 1000w\" sizes=\"(max-width: 150px) 100vw, 150px\" \/><\/figure><div class=\"elementor-image-box-content\"><h3 class=\"elementor-image-box-title\">CEO of Solar-expert<\/h3><\/div><\/div>\t\t\t\t<\/div>\n\t\t\t\t<\/div>\n\t\t\t\t\t<\/div>\n\t\t\t\t<\/div>\n\t\t\t\t\t\t\t\t<\/div>\n\t\t\t\t\t\t\t\t<\/div>\n\t\t<\/div>\n\t\t\t\t\t\t<\/div>\n\t\t\t\t<\/div>\n\t\t\t\t\t<\/div>\n\t\t<\/div>\n\t\t\t\t\t<\/div>\n\t\t<\/section>\n\t\t\t\t\t<\/div>\n\t\t<\/div>\n\t\t\t\t\t<\/div>\n\t\t<\/section>\n\t\t<div class=\"elementor-element elementor-element-0b83284 e-flex e-con-boxed e-con e-parent\" data-id=\"0b83284\" data-element_type=\"container\" data-e-type=\"container\">\n\t\t\t\t\t<div class=\"e-con-inner\">\n\t\t\t\t<div class=\"elementor-element elementor-element-670c365 elementor-align-center elementor-widget elementor-widget-button\" data-id=\"670c365\" data-element_type=\"widget\" data-e-type=\"widget\" data-widget_type=\"button.default\">\n\t\t\t\t<div class=\"elementor-widget-container\">\n\t\t\t\t\t\t\t\t\t<div class=\"elementor-button-wrapper\">\n\t\t\t\t\t<a class=\"elementor-button elementor-button-link elementor-size-sm elementor-animation-grow\" href=\"#elementor-action%3Aaction%3Dpopup%3Aopen%26settings%3DeyJpZCI6IjIwNzM0IiwidG9nZ2xlIjpmYWxzZX0%3D\">\n\t\t\t\t\t\t<span class=\"elementor-button-content-wrapper\">\n\t\t\t\t\t\t\t\t\t<span class=\"elementor-button-text\">Zosta\u0144 partnerem<\/span>\n\t\t\t\t\t<\/span>\n\t\t\t\t\t<\/a>\n\t\t\t\t<\/div>\n\t\t\t\t\t\t\t\t<\/div>\n\t\t\t\t<\/div>\n\t\t\t\t\t<\/div>\n\t\t\t\t<\/div>\n\t\t\t\t<\/div>\n\t\t","protected":false},"excerpt":{"rendered":"<p>Nasi Partnerzy Nasi partnerzy pomagaj\u0105 nam dostarcza\u0107 i [&hellip;]<\/p>\n","protected":false},"author":1,"featured_media":0,"parent":0,"menu_order":0,"comment_status":"closed","ping_status":"closed","template":"","meta":{"site-sidebar-layout":"no-sidebar","site-content-layout":"page-builder","ast-site-content-layout":"full-width-container","site-content-style":"default","site-sidebar-style":"default","ast-global-header-display":"","ast-banner-title-visibility":"","ast-main-header-display":"","ast-hfb-above-header-display":"","ast-hfb-below-header-display":"","ast-hfb-mobile-header-display":"","site-post-title":"disabled","ast-breadcrumbs-content":"","ast-featured-img":"disabled","footer-sml-layout":"","ast-disable-related-posts":"","theme-transparent-header-meta":"default","adv-header-id-meta":"","stick-header-meta":"default","header-above-stick-meta":"","header-main-stick-meta":"","header-below-stick-meta":"","astra-migrate-meta-layouts":"set","ast-page-background-enabled":"default","ast-page-background-meta":{"desktop":{"background-color":"","background-image":"","background-repeat":"repeat","background-position":"center center","background-size":"auto","background-attachment":"scroll","background-type":"","background-media":"","overlay-type":"","overlay-color":"","overlay-opacity":"","overlay-gradient":""},"tablet":{"background-color":"","background-image":"","background-repeat":"repeat","background-position":"center center","background-size":"auto","background-attachment":"scroll","background-type":"","background-media":"","overlay-type":"","overlay-color":"","overlay-opacity":"","overlay-gradient":""},"mobile":{"background-color":"","background-image":"","background-repeat":"repeat","background-position":"center center","background-size":"auto","background-attachment":"scroll","background-type":"","background-media":"","overlay-type":"","overlay-color":"","overlay-opacity":"","overlay-gradient":""}},"ast-content-background-meta":{"desktop":{"background-color":"var(--ast-global-color-5)","background-image":"","background-repeat":"repeat","background-position":"center center","background-size":"auto","background-attachment":"scroll","background-type":"","background-media":"","overlay-type":"","overlay-color":"","overlay-opacity":"","overlay-gradient":""},"tablet":{"background-color":"var(--ast-global-color-5)","background-image":"","background-repeat":"repeat","background-position":"center center","background-size":"auto","background-attachment":"scroll","background-type":"","background-media":"","overlay-type":"","overlay-color":"","overlay-opacity":"","overlay-gradient":""},"mobile":{"background-color":"var(--ast-global-color-5)","background-image":"","background-repeat":"repeat","background-position":"center center","background-size":"auto","background-attachment":"scroll","background-type":"","background-media":"","overlay-type":"","overlay-color":"","overlay-opacity":"","overlay-gradient":""}},"footnotes":""},"class_list":["post-21279","page","type-page","status-publish","hentry"],"_links":{"self":[{"href":"https:\/\/chisagepolska.pl\/index.php\/wp-json\/wp\/v2\/pages\/21279","targetHints":{"allow":["GET"]}}],"collection":[{"href":"https:\/\/chisagepolska.pl\/index.php\/wp-json\/wp\/v2\/pages"}],"about":[{"href":"https:\/\/chisagepolska.pl\/index.php\/wp-json\/wp\/v2\/types\/page"}],"author":[{"embeddable":true,"href":"https:\/\/chisagepolska.pl\/index.php\/wp-json\/wp\/v2\/users\/1"}],"replies":[{"embeddable":true,"href":"https:\/\/chisagepolska.pl\/index.php\/wp-json\/wp\/v2\/comments?post=21279"}],"version-history":[{"count":4,"href":"https:\/\/chisagepolska.pl\/index.php\/wp-json\/wp\/v2\/pages\/21279\/revisions"}],"predecessor-version":[{"id":21283,"href":"https:\/\/chisagepolska.pl\/index.php\/wp-json\/wp\/v2\/pages\/21279\/revisions\/21283"}],"wp:attachment":[{"href":"https:\/\/chisagepolska.pl\/index.php\/wp-json\/wp\/v2\/media?parent=21279"}],"curies":[{"name":"wp","href":"https:\/\/api.w.org\/{rel}","templated":true}]}}